{"id":17021,"date":"2024-05-15T14:55:11","date_gmt":"2024-05-15T11:55:11","guid":{"rendered":"https:\/\/www.mikkelkids.com\/atgriesana-un-atmaksa\/"},"modified":"2024-11-13T11:37:21","modified_gmt":"2024-11-13T09:37:21","slug":"atgriesana-un-atmaksa","status":"publish","type":"page","link":"https:\/\/www.mikkelkids.com\/lv\/atgriesana-un-atmaksa\/","title":{"rendered":"Atgrie\u0161ana un atmaksa"},"content":{"rendered":"\t\t<div data-elementor-type=\"wp-page\" data-elementor-id=\"17021\" class=\"elementor elementor-17021 elementor-16237\" data-elementor-post-type=\"page\">\n\t\t\t\t<div class=\"elementor-element elementor-element-aca79f6 e-flex e-con-boxed e-con e-parent\" data-id=\"aca79f6\" data-element_type=\"container\" data-e-type=\"container\">\n\t\t\t\t\t<div class=\"e-con-inner\">\n\t\t\t\t<div class=\"elementor-element elementor-element-2b1efc7 elementor-widget elementor-widget-text-editor\" data-id=\"2b1efc7\" data-element_type=\"widget\" data-e-type=\"widget\" data-widget_type=\"text-editor.default\">\n\t\t\t\t<div class=\"elementor-widget-container\">\n\t\t\t\t\t\t\t\t\t<div class=\"elementor-element elementor-element-7b9fa89 elementor-widget elementor-widget-heading\" data-id=\"7b9fa89\" data-element_type=\"widget\" data-widget_type=\"heading.default\"><div class=\"elementor-widget-container\"><p>M\u0113s apstr\u0101d\u0101jam naudas atmaksu 14 dienu laik\u0101 p\u0113c j\u016bsu atgriezt\u0101s s\u016bt\u012bjuma sa\u0146em\u0161anas s\u0101kotn\u0113j\u0101 st\u0101vokl\u012b. L\u012bdzek\u013ci tiek atmaks\u0101ti, izmantojot s\u0101kotn\u0113j\u0101 pirkuma veik\u0161anai izmantoto maks\u0101juma veidu, ja vien m\u0113s neesam vienoju\u0161ies par alternat\u012bvu metodi.<\/p><p>Ja j\u016bsu prece tiek pieg\u0101d\u0101ta boj\u0101ta, l\u016bdzu, nekav\u0113joties nos\u016btiet mums e-pasta zi\u0146ojumu uz adresi <a href=\"mailto:kidsmikkel@gmail.com\" rel=\"noopener\">kidsmikkel@gmail.com<\/a> ar inform\u0101ciju un fotoatt\u0113lu. M\u0113s str\u0101d\u0101sim, lai \u0101tri atrisin\u0101tu probl\u0113mu.<\/p><p>Atgrie\u0161ana j\u0101s\u016bta uz:<\/p><p><strong>\u0122ener\u0101\u013ca Radzi\u0146a krastmala 29-4, R\u012bga, Latvija, LV-1050<\/strong><\/p><\/div><\/div>\t\t\t\t\t\t\t\t<\/div>\n\t\t\t\t<\/div>\n\t\t\t\t\t<\/div>\n\t\t\t\t<\/div>\n\t\t\t\t<\/div>\n\t\t","protected":false},"excerpt":{"rendered":"<p>M\u0113s apstr\u0101d\u0101jam naudas atmaksu 14 dienu laik\u0101 p\u0113c j\u016bsu atgriezt\u0101s s\u016bt\u012bjuma sa\u0146em\u0161anas s\u0101kotn\u0113j\u0101 st\u0101vokl\u012b. L\u012bdzek\u013ci tiek atmaks\u0101ti, izmantojot s\u0101kotn\u0113j\u0101 pirkuma veik\u0161anai izmantoto maks\u0101juma veidu, ja vien m\u0113s neesam vienoju\u0161ies par alternat\u012bvu metodi. Ja j\u016bsu prece tiek pieg\u0101d\u0101ta boj\u0101ta, l\u016bdzu, nekav\u0113joties nos\u016btiet mums e-pasta zi\u0146ojumu uz adresi kidsmikkel@gmail.com ar inform\u0101ciju un fotoatt\u0113lu. M\u0113s str\u0101d\u0101sim, lai \u0101tri&hellip;<\/p>\n","protected":false},"author":1,"featured_media":0,"parent":0,"menu_order":0,"comment_status":"closed","ping_status":"closed","template":"","meta":{"_acf_changed":false,"footnotes":""},"class_list":["post-17021","page","type-page","status-publish","hentry"],"acf":[],"_links":{"self":[{"href":"https:\/\/www.mikkelkids.com\/lv\/wp-json\/wp\/v2\/pages\/17021","targetHints":{"allow":["GET"]}}],"collection":[{"href":"https:\/\/www.mikkelkids.com\/lv\/wp-json\/wp\/v2\/pages"}],"about":[{"href":"https:\/\/www.mikkelkids.com\/lv\/wp-json\/wp\/v2\/types\/page"}],"author":[{"embeddable":true,"href":"https:\/\/www.mikkelkids.com\/lv\/wp-json\/wp\/v2\/users\/1"}],"replies":[{"embeddable":true,"href":"https:\/\/www.mikkelkids.com\/lv\/wp-json\/wp\/v2\/comments?post=17021"}],"version-history":[{"count":0,"href":"https:\/\/www.mikkelkids.com\/lv\/wp-json\/wp\/v2\/pages\/17021\/revisions"}],"wp:attachment":[{"href":"https:\/\/www.mikkelkids.com\/lv\/wp-json\/wp\/v2\/media?parent=17021"}],"curies":[{"name":"wp","href":"https:\/\/api.w.org\/{rel}","templated":true}]}}