{"id":17039,"date":"2024-05-15T14:55:11","date_gmt":"2024-05-15T11:55:11","guid":{"rendered":"https:\/\/www.mikkelkids.com\/piegade-un-piegade\/"},"modified":"2024-11-25T15:29:19","modified_gmt":"2024-11-25T13:29:19","slug":"piegade-un-piegade","status":"publish","type":"page","link":"https:\/\/www.mikkelkids.com\/lv\/piegade-un-piegade\/","title":{"rendered":"Pieg\u0101de"},"content":{"rendered":"\t\t<div data-elementor-type=\"wp-page\" data-elementor-id=\"17039\" class=\"elementor elementor-17039 elementor-16236\" data-elementor-post-type=\"page\">\n\t\t\t\t<div class=\"elementor-element elementor-element-98b5030 e-flex e-con-boxed e-con e-parent\" data-id=\"98b5030\" data-element_type=\"container\" data-e-type=\"container\">\n\t\t\t\t\t<div class=\"e-con-inner\">\n\t\t\t\t<div class=\"elementor-element elementor-element-d2f1d19 elementor-widget elementor-widget-text-editor\" data-id=\"d2f1d19\" data-element_type=\"widget\" data-e-type=\"widget\" data-widget_type=\"text-editor.default\">\n\t\t\t\t<div class=\"elementor-widget-container\">\n\t\t\t\t\t\t\t\t\t<div class=\"Zc7IjY\" role=\"listitem\">\n<div id=\"comp-lt32itvx2__item1\" class=\"comp-lt32itvx2 YzqVVZ wixui-repeater__item\">\n<div id=\"bgLayers_comp-lt32itvx2__item1\" class=\"MW5IWV\" data-hook=\"bgLayers\" data-motion-part=\"BG_LAYER\">\n<h2>Iepakojums<\/h2>\n<\/div>\n<div class=\"\" data-mesh-id=\"comp-lt32itvx2__item1inlineContent\" data-testid=\"inline-content\">\n<div data-mesh-id=\"comp-lt32itvx2__item1inlineContent-gridContainer\" data-testid=\"mesh-container-content\">\n<div id=\"comp-lt32itw3__item1\" class=\"HcOXKn c9GqVL QxJLC3 comp-lt32itw3 wixui-rich-text\" data-testid=\"richTextElement\">\n<p class=\"font_8 wixui-rich-text__text\"><span class=\"color_15 wixui-rich-text__text\"><span class=\"wixui-rich-text__text\">Mums r\u016bp J\u016bsu pre\u010du dro\u0161a pieg\u0101de, t\u0101p\u0113c katram s\u016bt\u012bjumam izmantojam \u012bpa\u0161i biezas kartona kastes. M\u0113s sadarbojamies ar UPS, FedEx un citiem p\u0101rvad\u0101t\u0101jiem, lai nodro\u0161in\u0101tu, ka j\u016bsu pakas j\u016bs sasniedz \u0101tri un dro\u0161i. <\/span><\/span><\/p>\n<\/div>\n<\/div>\n<\/div>\n<\/div>\n<\/div>\n<div class=\"Zc7IjY\" role=\"listitem\">\n<div id=\"comp-lt32itvx2__item-kes5qvaj\" class=\"comp-lt32itvx2 YzqVVZ wixui-repeater__item\">\n<div id=\"bgLayers_comp-lt32itvx2__item-kes5qvaj\" class=\"MW5IWV\" data-hook=\"bgLayers\" data-motion-part=\"BG_LAYER\">\n<div id=\"bgMedia_comp-lt32itvx2__item-kes5qvaj\" class=\"VgO9Yg\" data-motion-part=\"BG_MEDIA\"><\/div>\n<\/div>\n<div class=\"\" data-mesh-id=\"comp-lt32itvx2__item-kes5qvajinlineContent\" data-testid=\"inline-content\">\n<div data-mesh-id=\"comp-lt32itvx2__item-kes5qvajinlineContent-gridContainer\" data-testid=\"mesh-container-content\">\n<div id=\"comp-lt32itw11__item-kes5qvaj\" class=\"HcOXKn c9GqVL QxJLC3 comp-lt32itw11 wixui-rich-text\" data-testid=\"richTextElement\">\n<h2 class=\"font_2 wixui-rich-text__text\"><span class=\"wixui-rich-text__text\">Pieg\u0101de<\/span><\/h2>\n<\/div>\n<div id=\"comp-lt32itw3__item-kes5qvaj\" class=\"HcOXKn c9GqVL QxJLC3 comp-lt32itw3 wixui-rich-text\" data-testid=\"richTextElement\">\n<p class=\"font_8 wixui-rich-text__text\"><span class=\"color_15 wixui-rich-text__text\"><span class=\"wixui-rich-text__text\">Pieg\u0101des laiki ir atkar\u012bgi no j\u016bsu atra\u0161an\u0101s vietas. Pieg\u0101des laiki sv\u0101rst\u0101s no 1 dienas l\u012bdz 4 ned\u0113\u013c\u0101m. Pieg\u0101des tarifi tiek apr\u0113\u0137in\u0101ti, \u0146emot v\u0113r\u0101 s\u016bt\u012bjuma svaru un izm\u0113ru un j\u016bsu valsti. Pieg\u0101des maksa tiek apr\u0113\u0137in\u0101ta pirkuma veik\u0161anas laik\u0101, pirms apmaksas.<\/span><\/span><\/p>\n<ul class=\"font_8 wixui-rich-text__text\">\n<li class=\"wixui-rich-text__text\">\n<p class=\"font_8 wixui-rich-text__text\">Latvija un Baltijas valstis <span class=\"wixui-rich-text__text\">1-3 dienas<\/span><\/p>\n<\/li>\n<li class=\"wixui-rich-text__text\">\n<p class=\"font_8 wixui-rich-text__text\">Eiropas Savien\u012bba <span class=\"wixui-rich-text__text\">2-15 dienas<\/span><\/p>\n<\/li>\n<li class=\"wixui-rich-text__text\">\n<p class=\"font_8 wixui-rich-text__text\">Apvienot\u0101 Karaliste <span class=\"wixui-rich-text__text\">5-10 dienas<\/span><\/p>\n<\/li>\n<li class=\"wixui-rich-text__text\">\n<p class=\"font_8 wixui-rich-text__text\">Amerikas Savienot\u0101s Valstis, Kan\u0101da un Austr\u0101lija <span class=\"wixui-rich-text__text\">5-12 dienas<\/span><\/p>\n<\/li>\n<li class=\"wixui-rich-text__text\">\n<p class=\"font_8 wixui-rich-text__text\">P\u0101r\u0113j\u0101 pasaule <span class=\"wixui-rich-text__text\">5-30 dienas<\/span><\/p>\n<\/li>\n<\/ul>\n<p class=\"font_8 wixui-rich-text__text\">Pirc\u0113ji ir atbild\u012bgi par visiem muitas un importa nodok\u013ciem, kas var tikt piem\u0113roti. M\u0113s neesam atbild\u012bgi par kav\u0113jumiem muitas d\u0113\u013c.<\/p>\n<\/div>\n<\/div>\n<\/div>\n<\/div>\n<\/div>\n<div class=\"Zc7IjY\" role=\"listitem\">\n<div id=\"comp-lt32itvx2__item-kes5qvil\" class=\"comp-lt32itvx2 YzqVVZ wixui-repeater__item\">\n<div class=\"\" data-mesh-id=\"comp-lt32itvx2__item-kes5qvilinlineContent\" data-testid=\"inline-content\">\n<div data-mesh-id=\"comp-lt32itvx2__item-kes5qvilinlineContent-gridContainer\" data-testid=\"mesh-container-content\">\n<div id=\"comp-lt32itw11__item-kes5qvil\" class=\"HcOXKn c9GqVL QxJLC3 comp-lt32itw11 wixui-rich-text\" data-testid=\"richTextElement\">\n<h2 class=\"font_2 wixui-rich-text__text\"><span class=\"wixui-rich-text__text\">Mont\u0101\u017ea<\/span><\/h2>\n<\/div>\n<div id=\"comp-lt32itw3__item-kes5qvil\" class=\"HcOXKn c9GqVL QxJLC3 comp-lt32itw3 wixui-rich-text\" data-testid=\"richTextElement\">\n<p class=\"font_8 wixui-rich-text__text\"><span class=\"color_15 wixui-rich-text__text\">J\u016bsu paci\u0146a tiks pieg\u0101d\u0101ta izjaukt\u0101 veid\u0101. Vis\u0101m m\u016bsu prec\u0113m ir viegli saprotamas mont\u0101\u017eas instrukcijas\u00a0 un visas nepiecie\u0161am\u0101s skr\u016bves, un ja nepiecie\u0161ams &#8211; skr\u016bvgriezis. Nav nepiecie\u0161ami papildu r\u012bki, lai m\u0113bel\u012btes saliktu.<\/span><\/p>\n<\/div>\n<\/div>\n<\/div>\n<\/div>\n<\/div>\n<div class=\"Zc7IjY\" role=\"listitem\">\n<div id=\"comp-lt32itvx2__item-lt32uqnm\" class=\"comp-lt32itvx2 YzqVVZ wixui-repeater__item\">\n<div id=\"bgLayers_comp-lt32itvx2__item-lt32uqnm\" class=\"MW5IWV\" data-hook=\"bgLayers\" data-motion-part=\"BG_LAYER\">\n<div id=\"bgMedia_comp-lt32itvx2__item-lt32uqnm\" class=\"VgO9Yg\" data-motion-part=\"BG_MEDIA\"><\/div>\n<\/div>\n<div class=\"\" data-mesh-id=\"comp-lt32itvx2__item-lt32uqnminlineContent\" data-testid=\"inline-content\">\n<div data-mesh-id=\"comp-lt32itvx2__item-lt32uqnminlineContent-gridContainer\" data-testid=\"mesh-container-content\">\n<div id=\"comp-lt32itw11__item-lt32uqnm\" class=\"HcOXKn c9GqVL QxJLC3 comp-lt32itw11 wixui-rich-text\" data-testid=\"richTextElement\">\n<h2 class=\"font_2 wixui-rich-text__text\"><span class=\"wixui-rich-text__text\">Atgrie\u0161anas politika<\/span><\/h2>\n<\/div>\n<div id=\"comp-lt32itw3__item-lt32uqnm\" class=\"HcOXKn c9GqVL QxJLC3 comp-lt32itw3 wixui-rich-text\" data-testid=\"richTextElement\">\n<p class=\"font_8 wixui-rich-text__text\">M\u0113s pie\u0146emam atgrie\u0161anu 14 dienu laik\u0101 no pas\u016bt\u012bjuma sa\u0146em\u0161anas dienas. L\u016bdzu, atgrieziet preces s\u0101kotn\u0113j\u0101 st\u0101vokl\u012b. P\u0101rbaudiet, bet nelietojiet preci, saglab\u0101jiet un nesaboj\u0101jiet ori\u0123in\u0101lo iepakojumu. Ja atgriezt\u0101s preces netiek sa\u0146emtas s\u0101kotn\u0113j\u0101 st\u0101vokl\u012b, m\u0113s varam veikt ietur\u0113t da\u013cu atmaks\u0101jam\u0101s summas apm\u0113ra. L\u016bdzu, \u0146emiet v\u0113r\u0101, ka m\u0113s nepied\u0101v\u0101jam bezmaksas atgrie\u0161anu.<\/p>\n<p class=\"font_8 wixui-rich-text__text\">Ja sa\u0146emat boj\u0101tu preci, l\u016bdzu, nekav\u0113joties sazinieties ar mums pa e-pastu <span class=\"wixui-rich-text__text\"><a class=\"wixui-rich-text__text\" href=\"mailto:info@mikkelkids.com\" data-auto-recognition=\"true\">info@mikkelkids.com<\/a><\/span> ar pretenziju un boj\u0101juma fotoatt\u0113lu. M\u0113s sazin\u0101simies ar jums un dar\u012bsim visu iesp\u0113jamo, lai atrisin\u0101tu probl\u0113mu. L\u016bdzu, \u0146emiet v\u0113r\u0101, ka m\u016bsu atgrie\u0161anas adrese ir: \u0122ener\u0101\u013ca Radzi\u0146a krastmala 29-4, R\u012bga, Latvija, LV-1050<\/p>\n<p class=\"font_8 wixui-rich-text__text\">Naudas atmaksa tiks veikta 14 dienu laik\u0101 p\u0113c atgrie\u0161anas pakas sa\u0146em\u0161anas. M\u0113s atgriez\u012bsim naudu, izmantojot to pa\u0161u maks\u0101\u0161anas l\u012bdzekli, kuru izmantoj\u0101t pirkumam, ja vien nav citas vieno\u0161an\u0101s.<\/p>\n<\/div>\n<\/div>\n<\/div>\n<\/div>\n<\/div>\n\t\t\t\t\t\t\t\t<\/div>\n\t\t\t\t<\/div>\n\t\t\t\t\t<\/div>\n\t\t\t\t<\/div>\n\t\t\t\t<\/div>\n\t\t","protected":false},"excerpt":{"rendered":"<p>Iepakojums Mums r\u016bp J\u016bsu pre\u010du dro\u0161a pieg\u0101de, t\u0101p\u0113c katram s\u016bt\u012bjumam izmantojam \u012bpa\u0161i biezas kartona kastes. M\u0113s sadarbojamies ar UPS, FedEx un citiem p\u0101rvad\u0101t\u0101jiem, lai nodro\u0161in\u0101tu, ka j\u016bsu pakas j\u016bs sasniedz \u0101tri un dro\u0161i. Pieg\u0101de Pieg\u0101des laiki ir atkar\u012bgi no j\u016bsu atra\u0161an\u0101s vietas. Pieg\u0101des laiki sv\u0101rst\u0101s no 1 dienas l\u012bdz 4 ned\u0113\u013c\u0101m. Pieg\u0101des tarifi tiek apr\u0113\u0137in\u0101ti,&hellip;<\/p>\n","protected":false},"author":1,"featured_media":0,"parent":0,"menu_order":0,"comment_status":"closed","ping_status":"closed","template":"","meta":{"_acf_changed":false,"footnotes":""},"class_list":["post-17039","page","type-page","status-publish","hentry"],"acf":[],"_links":{"self":[{"href":"https:\/\/www.mikkelkids.com\/lv\/wp-json\/wp\/v2\/pages\/17039","targetHints":{"allow":["GET"]}}],"collection":[{"href":"https:\/\/www.mikkelkids.com\/lv\/wp-json\/wp\/v2\/pages"}],"about":[{"href":"https:\/\/www.mikkelkids.com\/lv\/wp-json\/wp\/v2\/types\/page"}],"author":[{"embeddable":true,"href":"https:\/\/www.mikkelkids.com\/lv\/wp-json\/wp\/v2\/users\/1"}],"replies":[{"embeddable":true,"href":"https:\/\/www.mikkelkids.com\/lv\/wp-json\/wp\/v2\/comments?post=17039"}],"version-history":[{"count":0,"href":"https:\/\/www.mikkelkids.com\/lv\/wp-json\/wp\/v2\/pages\/17039\/revisions"}],"wp:attachment":[{"href":"https:\/\/www.mikkelkids.com\/lv\/wp-json\/wp\/v2\/media?parent=17039"}],"curies":[{"name":"wp","href":"https:\/\/api.w.org\/{rel}","templated":true}]}}