{"id":17356,"date":"2024-11-14T18:44:57","date_gmt":"2024-11-14T16:44:57","guid":{"rendered":"https:\/\/www.mikkelkids.com\/atbalsts-procesu-digitalizacijai-komercdarbiba\/"},"modified":"2024-11-14T18:56:08","modified_gmt":"2024-11-14T16:56:08","slug":"atbalsts-procesu-digitalizacijai-komercdarbiba","status":"publish","type":"page","link":"https:\/\/www.mikkelkids.com\/lv\/atbalsts-procesu-digitalizacijai-komercdarbiba\/","title":{"rendered":"Atbalsts procesu digitaliz\u0101cijai komercdarb\u012bb\u0101"},"content":{"rendered":"\t\t<div data-elementor-type=\"wp-page\" data-elementor-id=\"17356\" class=\"elementor elementor-17356 elementor-17340\" data-elementor-post-type=\"page\">\n\t\t\t\t<div class=\"elementor-element elementor-element-11dce8b e-flex e-con-boxed e-con e-parent\" data-id=\"11dce8b\" data-element_type=\"container\" data-e-type=\"container\">\n\t\t\t\t\t<div class=\"e-con-inner\">\n\t\t\t\t<div class=\"elementor-element elementor-element-dede7c6 elementor-widget elementor-widget-text-editor\" data-id=\"dede7c6\" data-element_type=\"widget\" data-e-type=\"widget\" data-widget_type=\"text-editor.default\">\n\t\t\t\t<div class=\"elementor-widget-container\">\n\t\t\t\t\t\t\t\t\t<p><span class=\"fontstyle0\">SIA Mikkel Atvese\u013co\u0161anas fonda ietvaros veic ieguld\u012bjumu komercdarb\u012bbas procesu uzlabo\u0161an\u0101.<br \/>\n<\/span><\/p>\n<p><span class=\"fontstyle0\">Atbalst\u0101m\u0101 darb\u012bba: p\u0101rdo\u0161anas procesi<br \/>\n<\/span><\/p>\n<p><span class=\"fontstyle0\">Risin\u0101jums: jauna uz\u0146\u0113muma t\u012bmek\u013ca vietne ar e-komercijas risin\u0101jumu<br \/>\n<\/span><\/p>\n<p><span class=\"fontstyle0\">L\u012bguma Nr.17.2-5-L-2024\/275<\/span><\/p>\n\t\t\t\t\t\t\t\t<\/div>\n\t\t\t\t<\/div>\n\t\t\t\t<div class=\"elementor-element elementor-element-99b0c43 elementor-widget elementor-widget-image\" data-id=\"99b0c43\" data-element_type=\"widget\" data-e-type=\"widget\" data-widget_type=\"image.default\">\n\t\t\t\t<div class=\"elementor-widget-container\">\n\t\t\t\t\t\t\t\t\t\t\t\t\t\t\t<img fetchpriority=\"high\" decoding=\"async\" width=\"550\" height=\"254\" src=\"https:\/\/www.mikkelkids.com\/wp-content\/uploads\/2020\/04\/logos.png\" class=\"attachment-full size-full wp-image-17338\" alt=\"\" \/>\t\t\t\t\t\t\t\t\t\t\t\t\t\t\t<\/div>\n\t\t\t\t<\/div>\n\t\t\t\t\t<\/div>\n\t\t\t\t<\/div>\n\t\t\t\t<\/div>\n\t\t","protected":false},"excerpt":{"rendered":"<p>SIA Mikkel Atvese\u013co\u0161anas fonda ietvaros veic ieguld\u012bjumu komercdarb\u012bbas procesu uzlabo\u0161an\u0101. Atbalst\u0101m\u0101 darb\u012bba: p\u0101rdo\u0161anas procesi Risin\u0101jums: jauna uz\u0146\u0113muma t\u012bmek\u013ca vietne ar e-komercijas risin\u0101jumu L\u012bguma Nr.17.2-5-L-2024\/275<\/p>\n","protected":false},"author":4,"featured_media":0,"parent":0,"menu_order":0,"comment_status":"closed","ping_status":"closed","template":"","meta":{"_acf_changed":false,"footnotes":""},"class_list":["post-17356","page","type-page","status-publish","hentry"],"acf":[],"_links":{"self":[{"href":"https:\/\/www.mikkelkids.com\/lv\/wp-json\/wp\/v2\/pages\/17356","targetHints":{"allow":["GET"]}}],"collection":[{"href":"https:\/\/www.mikkelkids.com\/lv\/wp-json\/wp\/v2\/pages"}],"about":[{"href":"https:\/\/www.mikkelkids.com\/lv\/wp-json\/wp\/v2\/types\/page"}],"author":[{"embeddable":true,"href":"https:\/\/www.mikkelkids.com\/lv\/wp-json\/wp\/v2\/users\/4"}],"replies":[{"embeddable":true,"href":"https:\/\/www.mikkelkids.com\/lv\/wp-json\/wp\/v2\/comments?post=17356"}],"version-history":[{"count":0,"href":"https:\/\/www.mikkelkids.com\/lv\/wp-json\/wp\/v2\/pages\/17356\/revisions"}],"wp:attachment":[{"href":"https:\/\/www.mikkelkids.com\/lv\/wp-json\/wp\/v2\/media?parent=17356"}],"curies":[{"name":"wp","href":"https:\/\/api.w.org\/{rel}","templated":true}]}}