{"id":17031,"date":"2024-05-10T10:25:48","date_gmt":"2024-05-10T07:25:48","guid":{"rendered":"https:\/\/www.mikkelkids.com\/product\/aktivitasu-galds-un-bernu-kresls-muguras-lejasdala\/"},"modified":"2024-12-01T00:02:30","modified_gmt":"2024-11-30T22:02:30","slug":"aktivitasu-galds-un-bernu-kresls-muguras-lejasdala","status":"publish","type":"product","link":"https:\/\/www.mikkelkids.com\/lv\/product\/aktivitasu-galds-un-bernu-kresls-muguras-lejasdala\/","title":{"rendered":"B\u0113rnu galdi\u0146\u0161 un kr\u0113sli\u0146\u0161 ar zemu atzveltni"},"content":{"rendered":"<p>Kr\u0113sla un galda komplekts \u2013 praktisks papildin\u0101jums ikvienai m\u0101jai, kas atvieglos \u0123imenes ikdienu un ieder\u0113sies jebkur\u0101 interjera stil\u0101.<\/p>\n<p>Galdi\u0146\u0161 izgatavots no dab\u012bga, FSC sertific\u0113ta b\u0113rza sapl\u0101k\u0161\u0146a. Virsmas ir lamin\u0113tas, lai nodro\u0161in\u0101tu papildu iztur\u012bbu un atvieglotu kop\u0161anu. Viegls un viegli p\u0101rvietojams, galds apvieno iztur\u012bbu ar stabilu dizainu.<\/p>\n<hr \/>\n<p><strong>IZM\u0112RI<\/strong><\/p>\n<ul>\n<li>Augstums: 290 mm<\/li>\n<li>Galda virsmas platums: 360 mm<\/li>\n<li>Galda virsmas garums: 625 mm<\/li>\n<\/ul>\n<p>Ar\u012b kr\u0113sli\u0146\u0161 izgatavots no dab\u012bga, FSC sertific\u0113ta b\u0113rza sapl\u0101k\u0161\u0146a ar lamin\u0113t\u0101m virsm\u0101m, kas nodro\u0161ina iztur\u012bbu un vieglu kop\u0161anu. Tam ir stabils, iztur\u012bgs dizains, un tas ir p\u0101rbaud\u012bts l\u012bdz pat 30 kg svaram.<\/p>\n<hr \/>\n<p><strong>IZM\u0112RI<\/strong><\/p>\n<ul>\n<li>Platums: 300 mm<\/li>\n<li>Kop\u0113jais augstums: 446 mm<\/li>\n<li>Dzi\u013cums: 309 mm<\/li>\n<\/ul>\n<p><em>Kr\u0113sla un galda komplekts tiek pieg\u0101d\u0101ts izjaukt\u0101 veid\u0101, ar viegli saprotamu mont\u0101\u017eas instrukciju, skr\u016bvgriezi un se\u0161st\u016bra atsl\u0113gu. Mont\u0101\u017eai nav nepiecie\u0161ami papildu instrumenti.<\/em><\/p>\n","protected":false},"excerpt":{"rendered":"<p>Baltijas b\u0113rza sapl\u0101ksnis, balts<\/p>\n","protected":false},"featured_media":16973,"template":"","meta":{"_acf_changed":false},"product_brand":[],"product_cat":[164,165],"product_tag":[],"class_list":{"0":"post-17031","1":"product","2":"type-product","3":"status-publish","4":"has-post-thumbnail","6":"product_cat-outlet-lv","7":"product_cat-playroom-sets-lv","8":"description-off","10":"first","11":"instock","12":"shipping-taxable","13":"purchasable","14":"product-type-simple"},"acf":[],"_links":{"self":[{"href":"https:\/\/www.mikkelkids.com\/lv\/wp-json\/wp\/v2\/product\/17031","targetHints":{"allow":["GET"]}}],"collection":[{"href":"https:\/\/www.mikkelkids.com\/lv\/wp-json\/wp\/v2\/product"}],"about":[{"href":"https:\/\/www.mikkelkids.com\/lv\/wp-json\/wp\/v2\/types\/product"}],"wp:featuredmedia":[{"embeddable":true,"href":"https:\/\/www.mikkelkids.com\/lv\/wp-json\/wp\/v2\/media\/16973"}],"wp:attachment":[{"href":"https:\/\/www.mikkelkids.com\/lv\/wp-json\/wp\/v2\/media?parent=17031"}],"wp:term":[{"taxonomy":"product_brand","embeddable":true,"href":"https:\/\/www.mikkelkids.com\/lv\/wp-json\/wp\/v2\/product_brand?post=17031"},{"taxonomy":"product_cat","embeddable":true,"href":"https:\/\/www.mikkelkids.com\/lv\/wp-json\/wp\/v2\/product_cat?post=17031"},{"taxonomy":"product_tag","embeddable":true,"href":"https:\/\/www.mikkelkids.com\/lv\/wp-json\/wp\/v2\/product_tag?post=17031"}],"curies":[{"name":"wp","href":"https:\/\/api.w.org\/{rel}","templated":true}]}}