{"id":17032,"date":"2024-05-10T10:25:21","date_gmt":"2024-05-10T07:25:21","guid":{"rendered":"https:\/\/www.mikkelkids.com\/product\/aktivitasu-galds-un-bernu-kresls-ar-augstu-atzveltni\/"},"modified":"2024-12-01T00:02:30","modified_gmt":"2024-11-30T22:02:30","slug":"aktivitasu-galds-un-bernu-kresls-ar-augstu-atzveltni","status":"publish","type":"product","link":"https:\/\/www.mikkelkids.com\/lv\/product\/aktivitasu-galds-un-bernu-kresls-ar-augstu-atzveltni\/","title":{"rendered":"B\u0113rnu galdi\u0146\u0161 un kr\u0113sli\u0146\u0161 ar augstu atzveltni"},"content":{"rendered":"<p>Kr\u0113sli\u0146a un galda komplekts \u2013 tas atvieglos \u0123imenes ikdienu un ieder\u0113sies ikvien\u0101 interjer\u0101.<\/p>\n<hr \/>\n<h5 style=\"text-align: center;\">Galdi\u0146\u0161<\/h5>\n<p>Izgatavots no dab\u012bga un dro\u0161a FSC sertific\u0113ta b\u0113rza sapl\u0101k\u0161\u0146a.<br \/>\nVirsmas ir lamin\u0113tas, lai nodro\u0161in\u0101tu papildu iztur\u012bbu pret boj\u0101jumiem un viegl\u0101ku t\u012br\u012b\u0161anu.<br \/>\n\u0112rti p\u0101rvietojams.<br \/>\nIztur\u012bgs un stabils dizains.<\/p>\n<hr \/>\n<p><strong>IZM\u0112RI<\/strong><\/p>\n<ul>\n<li>Augstums \u2013 290 mm<\/li>\n<li>Galda virsmas platums \u2013 360 mm<\/li>\n<li>Galda virsmas garums \u2013 625 mm<\/li>\n<\/ul>\n<h5 style=\"text-align: center;\">Kr\u0113sli\u0146\u0161<\/h5>\n<p>Izgatavots no dab\u012bga un dro\u0161a FSC sertific\u0113ta b\u0113rza sapl\u0101k\u0161\u0146a.<br \/>\nVirsmas ir lamin\u0113tas, lai nodro\u0161in\u0101tu papildu iztur\u012bbu pret boj\u0101jumiem un viegl\u0101ku t\u012br\u012b\u0161anu.<br \/>\nIztur\u012bgs un stabils dizains.<br \/>\nP\u0101rbaud\u012bts svaram l\u012bdz 30 kg.<\/p>\n<hr \/>\n<p><strong>IZM\u0112RI<\/strong><\/p>\n<ul>\n<li>Platums \u2013 300 mm<\/li>\n<li>Kop\u0113jais augstums \u2013 446 mm<\/li>\n<li>Dzi\u013cums \u2013 309 mm<\/li>\n<\/ul>\n<p><em>Kr\u0113sli\u0146a un galda komplekts tiek pieg\u0101d\u0101ts izjaukt\u0101 veid\u0101, taj\u0101 ietilpst viegli saprotama mont\u0101\u017eas instrukcija, skr\u016bvgriezis un se\u0161st\u016bra atsl\u0113ga. Citi instrumenti salik\u0161anai nav nepiecie\u0161ami.<\/em><\/p>\n","protected":false},"excerpt":{"rendered":"<p>Baltijas b\u0113rza sapl\u0101ksnis, balts<\/p>\n","protected":false},"featured_media":16974,"template":"","meta":{"_acf_changed":false},"product_brand":[],"product_cat":[164,165],"product_tag":[],"class_list":{"0":"post-17032","1":"product","2":"type-product","3":"status-publish","4":"has-post-thumbnail","6":"product_cat-outlet-lv","7":"product_cat-playroom-sets-lv","8":"description-off","10":"first","11":"instock","12":"shipping-taxable","13":"purchasable","14":"product-type-simple"},"acf":[],"_links":{"self":[{"href":"https:\/\/www.mikkelkids.com\/lv\/wp-json\/wp\/v2\/product\/17032","targetHints":{"allow":["GET"]}}],"collection":[{"href":"https:\/\/www.mikkelkids.com\/lv\/wp-json\/wp\/v2\/product"}],"about":[{"href":"https:\/\/www.mikkelkids.com\/lv\/wp-json\/wp\/v2\/types\/product"}],"wp:featuredmedia":[{"embeddable":true,"href":"https:\/\/www.mikkelkids.com\/lv\/wp-json\/wp\/v2\/media\/16974"}],"wp:attachment":[{"href":"https:\/\/www.mikkelkids.com\/lv\/wp-json\/wp\/v2\/media?parent=17032"}],"wp:term":[{"taxonomy":"product_brand","embeddable":true,"href":"https:\/\/www.mikkelkids.com\/lv\/wp-json\/wp\/v2\/product_brand?post=17032"},{"taxonomy":"product_cat","embeddable":true,"href":"https:\/\/www.mikkelkids.com\/lv\/wp-json\/wp\/v2\/product_cat?post=17032"},{"taxonomy":"product_tag","embeddable":true,"href":"https:\/\/www.mikkelkids.com\/lv\/wp-json\/wp\/v2\/product_tag?post=17032"}],"curies":[{"name":"wp","href":"https:\/\/api.w.org\/{rel}","templated":true}]}}