{"id":17034,"date":"2023-01-01T00:03:34","date_gmt":"2022-12-31T22:03:34","guid":{"rendered":"https:\/\/www.mikkelkids.com\/product\/virtuves-tornis\/"},"modified":"2024-12-01T00:02:30","modified_gmt":"2024-11-30T22:02:30","slug":"virtuves-tornis","status":"publish","type":"product","link":"https:\/\/www.mikkelkids.com\/lv\/product\/virtuves-tornis\/","title":{"rendered":"B\u0113rnu k\u0101psl\u012btis \/ Montessori tornis"},"content":{"rendered":"<p><em>Piem\u0113rots b\u0113rniem vecum\u0101 no 16 m\u0113ne\u0161iem l\u012bdz 5 gadiem.<\/em><\/p>\n<ul>\n<li>Izgatavots no dab\u012bga un dro\u0161a FSC sertific\u0113ta b\u0113rza sapl\u0101k\u0161\u0146a.<\/li>\n<li>Virsmas ir lamin\u0113tas, lai nodro\u0161in\u0101tu papildu iztur\u012bbu pret boj\u0101jumiem un viegl\u0101ku t\u012br\u012b\u0161anu.<\/li>\n<li>Viegli p\u0101rvietojams.<\/li>\n<li>Regul\u0113jami pak\u0101pienu augstumi un st\u0101v\u0113\u0161anas platforma (3 augstuma iesp\u0113jas).<\/li>\n<li>Iztur\u012bgs un stabils dizains.<\/li>\n<li>P\u0101rbaud\u012bts svaram l\u012bdz 50 kg.<\/li>\n<\/ul>\n<p><strong>IZM\u0112RI<\/strong><\/p>\n<ul>\n<li>Platums &#8211; 400 mm<\/li>\n<li>Garums &#8211; 860 mm<\/li>\n<li>Dzi\u013cums &#8211; 400 mm<\/li>\n<\/ul>\n<p><em>K\u0101psl\u012btis tiek pieg\u0101d\u0101ts izjaukt\u0101 veid\u0101, taj\u0101 ietilpst viegli saprotama mont\u0101\u017eas instrukcija un se\u0161st\u016bra atsl\u0113ga. Citi instrumenti salik\u0161anai nav nepiecie\u0161ami. <\/em><\/p>\n","protected":false},"excerpt":{"rendered":"<p>Baltijas b\u0113rza sapl\u0101ksnis, balts<\/p>\n","protected":false},"featured_media":16978,"template":"","meta":{"_acf_changed":false},"product_brand":[],"product_cat":[162,164],"product_tag":[],"class_list":{"0":"post-17034","1":"product","2":"type-product","3":"status-publish","4":"has-post-thumbnail","6":"product_cat-best-sellers-lv","7":"product_cat-outlet-lv","8":"pa_grind-espresso-lv","9":"pa_grind-francu-prese","10":"pa_grind-moka-pot-lv","11":"pa_grind-parlej","12":"pa_grind-perkolators-cold-brew","13":"pa_grind-pilienu-masina","14":"pa_grind-turku-kafija","15":"pa_grind-vesela-pupa","16":"description-off","18":"first","19":"instock","20":"shipping-taxable","21":"purchasable","22":"product-type-simple"},"acf":[],"_links":{"self":[{"href":"https:\/\/www.mikkelkids.com\/lv\/wp-json\/wp\/v2\/product\/17034","targetHints":{"allow":["GET"]}}],"collection":[{"href":"https:\/\/www.mikkelkids.com\/lv\/wp-json\/wp\/v2\/product"}],"about":[{"href":"https:\/\/www.mikkelkids.com\/lv\/wp-json\/wp\/v2\/types\/product"}],"wp:featuredmedia":[{"embeddable":true,"href":"https:\/\/www.mikkelkids.com\/lv\/wp-json\/wp\/v2\/media\/16978"}],"wp:attachment":[{"href":"https:\/\/www.mikkelkids.com\/lv\/wp-json\/wp\/v2\/media?parent=17034"}],"wp:term":[{"taxonomy":"product_brand","embeddable":true,"href":"https:\/\/www.mikkelkids.com\/lv\/wp-json\/wp\/v2\/product_brand?post=17034"},{"taxonomy":"product_cat","embeddable":true,"href":"https:\/\/www.mikkelkids.com\/lv\/wp-json\/wp\/v2\/product_cat?post=17034"},{"taxonomy":"product_tag","embeddable":true,"href":"https:\/\/www.mikkelkids.com\/lv\/wp-json\/wp\/v2\/product_tag?post=17034"}],"curies":[{"name":"wp","href":"https:\/\/api.w.org\/{rel}","templated":true}]}}